{"id":197,"date":"2024-10-16T17:59:16","date_gmt":"2024-10-16T17:59:16","guid":{"rendered":"https:\/\/magdaannaleszek.com\/?post_type=product&#038;p=197"},"modified":"2025-02-16T15:59:13","modified_gmt":"2025-02-16T14:59:13","slug":"lec-rozloz-skrzydla-zbior-opowiadan","status":"publish","type":"product","link":"https:\/\/magdaannaleszek.com\/index.php\/produkt\/lec-rozloz-skrzydla-zbior-opowiadan\/","title":{"rendered":"Le\u0107, roz\u0142\u00f3\u017c skrzyd\u0142a. Zbi\u00f3r opowiada\u0144"},"content":{"rendered":"<div>\n<p><span lang=\"PL\">Za chwil\u0119, gdy otworzysz t\u0119 ksi\u0105\u017ck\u0119, znajdziesz opowiadania ilustruj\u0105ce zmagania bohater\u00f3w, kt\u00f3re mo\u017ce wydadz\u0105 ci si\u0119 znajome. To historie zwyk\u0142ych ludzi, kt\u00f3rzy mimo napotykanych trudno\u015bci odnajduj\u0105 w\u0142asn\u0105 drog\u0119 by prze\u017cy\u0107 swoje \u017cycie najlepiej jak tylko mog\u0105. Opowiadania, pozornie lekkie, pozwalaj\u0105ce odetchn\u0105\u0107, zwolni\u0107, oderwa\u0107 si\u0119 od szarej rzeczywisto\u015bci, niepostrze\u017cenie, wnikn\u0105 w g\u0142\u0105b ciebie Drogi Czytelniku, porusz\u0105 ci\u0119 do g\u0142\u0119bi, bo przypomn\u0105 na co w \u017cyciu warto stawia\u0107, co docenia\u0107 i czym si\u0119 cieszy\u0107.<\/span><\/p>\n<\/div>\n<div>\n<p><span lang=\"PL\">W nieustaj\u0105cym biegu przez codzienne obowi\u0105zki, poszukujemy nie tylko wytchnienia, ale i wskaz\u00f3wek w jaki spos\u00f3b przetrwa\u0107 w \u015bwiecie nastawionym na konsumpcj\u0119, rywalizacj\u0119 i konflikt. Zalewani potokiem negatywnych informacji zadajemy sobie fundamentalne pytania: kim jestem? Jaki jest cel mojego \u017cycia? A przede wszystkim: jak poradzi\u0107 sobie z wyzwaniami dnia codziennego? Ze wstydem, unurzani we w\u0142asnej krytyce oraz b\u00f3lu, tracimy z oczu samych siebie. Bohaterowie ksi\u0105\u017cki zmagaj\u0105 si\u0119 z tymi samymi pytaniami i problemami, kt\u00f3re i nas dotykaj na co dzie\u0144. Niekt\u00f3rzy z nich znajduj\u0105 rozwi\u0105zania, inni za\u015b odnajduj\u0105 si\u0142y by dalej ich szuka\u0107.<\/span><\/p>\n<\/div>\n<div>\n<p><span lang=\"PL\">Opowiadania zawarte w tej ksi\u0105\u017cce nie daj\u0105 jednak \u0142atwych odpowiedzi. Po te, musisz uda\u0107 si\u0119 do poradnik\u00f3w, kt\u00f3rych kolorow\u0105 mnogo\u015b\u0107 znajdziesz w ksi\u0119garniach.\u00a0 Przewracaj\u0105c kolejne strony ksi\u0105\u017cki spotkasz ludzi z krwi i ko\u015bci, w kt\u00f3rych by\u0107 mo\u017ce rozpoznasz siebie, blisk\u0105 ci osob\u0119 lub s\u0105siada. Historie bohater\u00f3w dotycz\u0105 bowiem nas wszystkich, s\u0105 uniwersalne, tak jak uniwersalne jest ludzkie \u017cycie. Nie narzucaj\u0105 rozwi\u0105za\u0144, nie oceniaj\u0105, ale pokazuj\u0105 drog\u0119 do refleksji. Zatrzymuj\u0105 na moment i czas, i nas samych. Nie rani\u0105, ale g\u0142\u0119boko poruszaj\u0105, pozostaj\u0105c na d\u0142ugo w g\u0142owach i sercach. Poruszone czu\u0142e struny, motywuj\u0105 nas do zmiany. <\/span><\/p>\n<\/div>\n<div>\n<p><span lang=\"PL\">Je\u015bli lektura moich opowiada\u0144 sprawi, \u017ce zadzwonisz do kogo\u015b bliskiego, kto nie s\u0142ysza\u0142 ci\u0119 od wiek\u00f3w, podarujesz chwil\u0119 dziecku, we\u017amiesz za r\u0119k\u0119 partnera, a przede wszystkim popatrzysz ze wsp\u00f3\u0142czuciem i mi\u0142o\u015bci\u0105 na siebie, wype\u0142ni\u0105 swoje zadanie znakomicie. <\/span><\/p>\n<\/div>\n","protected":false},"excerpt":{"rendered":"<p>Za chwil\u0119, gdy otworzysz t\u0119 ksi\u0105\u017ck\u0119, znajdziesz opowiadania ilustruj\u0105ce zmagania bohater\u00f3w, kt\u00f3re mo\u017ce wydadz\u0105 ci si\u0119 znajome. To historie zwyk\u0142ych ludzi, kt\u00f3rzy mimo napotykanych trudno\u015bci odnajduj\u0105 w\u0142asn\u0105 drog\u0119 by prze\u017cy\u0107 swoje \u017cycie najlepiej jak tylko mog\u0105. Opowiadania, pozornie lekkie, pozwalaj\u0105ce odetchn\u0105\u0107, zwolni\u0107, oderwa\u0107 si\u0119 od szarej rzeczywisto\u015bci, niepostrze\u017cenie, wnikn\u0105 w g\u0142\u0105b ciebie Drogi Czytelniku, porusz\u0105 [&hellip;]<\/p>\n","protected":false},"featured_media":204,"template":"","meta":[],"product_brand":[],"product_cat":[28],"product_tag":[],"class_list":{"0":"post-197","1":"product","2":"type-product","3":"status-publish","4":"has-post-thumbnail","6":"product_cat-ebook","8":"first","9":"instock","10":"sale","11":"downloadable","12":"virtual","13":"taxable","14":"purchasable","15":"product-type-simple"},"jetpack_sharing_enabled":true,"_links":{"self":[{"href":"https:\/\/magdaannaleszek.com\/index.php\/wp-json\/wp\/v2\/product\/197","targetHints":{"allow":["GET"]}}],"collection":[{"href":"https:\/\/magdaannaleszek.com\/index.php\/wp-json\/wp\/v2\/product"}],"about":[{"href":"https:\/\/magdaannaleszek.com\/index.php\/wp-json\/wp\/v2\/types\/product"}],"wp:featuredmedia":[{"embeddable":true,"href":"https:\/\/magdaannaleszek.com\/index.php\/wp-json\/wp\/v2\/media\/204"}],"wp:attachment":[{"href":"https:\/\/magdaannaleszek.com\/index.php\/wp-json\/wp\/v2\/media?parent=197"}],"wp:term":[{"taxonomy":"product_brand","embeddable":true,"href":"https:\/\/magdaannaleszek.com\/index.php\/wp-json\/wp\/v2\/product_brand?post=197"},{"taxonomy":"product_cat","embeddable":true,"href":"https:\/\/magdaannaleszek.com\/index.php\/wp-json\/wp\/v2\/product_cat?post=197"},{"taxonomy":"product_tag","embeddable":true,"href":"https:\/\/magdaannaleszek.com\/index.php\/wp-json\/wp\/v2\/product_tag?post=197"}],"curies":[{"name":"wp","href":"https:\/\/api.w.org\/{rel}","templated":true}]}}